{"id":224,"date":"2021-11-19T12:20:22","date_gmt":"2021-11-19T11:20:22","guid":{"rendered":"http:\/\/nzjhjku.cluster031.hosting.ovh.net\/?page_id=224"},"modified":"2026-01-26T13:55:22","modified_gmt":"2026-01-26T12:55:22","slug":"societe","status":"publish","type":"page","link":"http:\/\/gama16.fr\/index.php\/societe\/","title":{"rendered":"La soci\u00e9t\u00e9"},"content":{"rendered":"\t\t<div data-elementor-type=\"wp-page\" data-elementor-id=\"224\" class=\"elementor elementor-224\">\n\t\t\t\t\t\t<section class=\"elementor-section elementor-top-section elementor-element elementor-element-ee453df elementor-section-boxed elementor-section-height-default elementor-section-height-default\" data-id=\"ee453df\" data-element_type=\"section\">\n\t\t\t\t\t\t<div class=\"elementor-container elementor-column-gap-default\">\n\t\t\t\t\t<div class=\"elementor-column elementor-col-100 elementor-top-column elementor-element elementor-element-9ddf71e\" data-id=\"9ddf71e\" data-element_type=\"column\">\n\t\t\t<div class=\"elementor-widget-wrap elementor-element-populated\">\n\t\t\t\t\t\t<div class=\"elementor-element elementor-element-29262e7 elementor-widget elementor-widget-text-editor\" data-id=\"29262e7\" data-element_type=\"widget\" data-widget_type=\"text-editor.default\">\n\t\t\t\t<div class=\"elementor-widget-container\">\n\t\t\t\t\t\t\t\t\t<p><span style=\"font-family: 'Calibri',sans-serif; color: #1f497d; mso-fareast-language: EN-US;\">GAMA est une soci\u00e9t\u00e9 publique locale, op\u00e9rateur majeur sur les agglom\u00e9rations d\u2019Angoul\u00eame et de Cognac mais \u00e9galement sur toute la Charente. Elle intervient en qualit\u00e9 de ma\u00eetrise d\u2019ouvrage (ma\u00eetrise d\u2019ouvrage d\u00e9l\u00e9gu\u00e9e, AMO\u2026), en qualit\u00e9 de ma\u00eetrise d\u2019\u0153uvre ou de conducteur d\u2019op\u00e9rations pour le compte des communes actionnaires de la soci\u00e9t\u00e9 sur des projets relatifs \u00e0 la mobilit\u00e9 et aux transports, \u00e0 l\u2019am\u00e9nagement urbain, aux infrastructures et aux constructions publiques.<\/span><\/p><p><span style=\"background-color: var(--bs-white);\"><span style=\"color: #1f497d; font-family: Calibri, sans-serif;\">GAMA est en constante progression d\u2019activit\u00e9 depuis sa cr\u00e9ation en 2013. De plus en plus sollicit\u00e9e par les collectivit\u00e9s, la soci\u00e9t\u00e9 compte actuellement 31 actionnaires et suit un portefeuille d\u2019une cinquantaine\u00a0 d\u2019op\u00e9rations.<\/span><\/span><\/p><p><span style=\"color: #1f497d; font-family: Calibri, sans-serif; background-color: var(--bs-white); font-style: inherit; text-transform: inherit;\"><b>Actionnaires<\/b><\/span><\/p>\t\t\t\t\t\t\t\t<\/div>\n\t\t\t\t<\/div>\n\t\t\t\t\t<\/div>\n\t\t<\/div>\n\t\t\t\t\t<\/div>\n\t\t<\/section>\n\t\t\t\t<section class=\"elementor-section elementor-top-section elementor-element elementor-element-17231aa elementor-section-boxed elementor-section-height-default elementor-section-height-default\" data-id=\"17231aa\" data-element_type=\"section\">\n\t\t\t\t\t\t<div class=\"elementor-container elementor-column-gap-default\">\n\t\t\t\t\t<div class=\"elementor-column elementor-col-33 elementor-top-column elementor-element elementor-element-f1a829d\" data-id=\"f1a829d\" data-element_type=\"column\">\n\t\t\t<div class=\"elementor-widget-wrap elementor-element-populated\">\n\t\t\t\t\t\t<div class=\"elementor-element elementor-element-1d43852 elementor-widget elementor-widget-text-editor\" data-id=\"1d43852\" data-element_type=\"widget\" data-widget_type=\"text-editor.default\">\n\t\t\t\t<div class=\"elementor-widget-container\">\n\t\t\t\t\t\t\t\t\t<ul><li><strong>GrandAngoul\u00eame<\/strong><\/li><li><strong>Grand Cognac<\/strong><\/li><li><b>CDC Charente Limousine<\/b><\/li><li><b>CDC Val de Charente<\/b><\/li><li>Angoul\u00eame<\/li><li>Bouex<\/li><li>Brie<\/li><li>Champniers<\/li><li>Ch\u00e2teaubernard<\/li><li>Cognac<\/li><li>Dignac<\/li><\/ul>\t\t\t\t\t\t\t\t<\/div>\n\t\t\t\t<\/div>\n\t\t\t\t<div class=\"elementor-element elementor-element-730b15f elementor-widget elementor-widget-heading\" data-id=\"730b15f\" data-element_type=\"widget\" data-widget_type=\"heading.default\">\n\t\t\t\t<div class=\"elementor-widget-container\">\n\t\t\t\t\t<h2 class=\"elementor-heading-title elementor-size-default\">Ajoutez votre titre ici<\/h2>\t\t\t\t<\/div>\n\t\t\t\t<\/div>\n\t\t\t\t\t<\/div>\n\t\t<\/div>\n\t\t\t\t<div class=\"elementor-column elementor-col-33 elementor-top-column elementor-element elementor-element-8dd40ed\" data-id=\"8dd40ed\" data-element_type=\"column\">\n\t\t\t<div class=\"elementor-widget-wrap elementor-element-populated\">\n\t\t\t\t\t\t<div class=\"elementor-element elementor-element-c51705b elementor-widget elementor-widget-text-editor\" data-id=\"c51705b\" data-element_type=\"widget\" data-widget_type=\"text-editor.default\">\n\t\t\t\t<div class=\"elementor-widget-container\">\n\t\t\t\t\t\t\t\t\t<ul><li>Dirac<\/li><li>Garat<\/li><li>Gond-Pontouvre<\/li><li><span style=\"font-style: inherit; text-transform: inherit;\">Juillac le Coq<\/span><\/li><li>La Couronne<\/li><li>La Rochefoucauld en Angoumois\u00a0<\/li><li>L&rsquo;Isle d&rsquo;Espagnac<\/li><li>Montmoreau<\/li><li>Nersac<\/li><li>Puymoyen<\/li><li>Ruelle sur Touvre<\/li><\/ul><div>\u00a0<\/div><div>\u00a0<\/div>\t\t\t\t\t\t\t\t<\/div>\n\t\t\t\t<\/div>\n\t\t\t\t<div class=\"elementor-element elementor-element-aa05f3d elementor-widget elementor-widget-text-editor\" data-id=\"aa05f3d\" data-element_type=\"widget\" data-widget_type=\"text-editor.default\">\n\t\t\t\t<div class=\"elementor-widget-container\">\n\t\t\t\t\t\t\t\t\t<p><span style=\"font-family: 'Calibri',sans-serif; color: #1f497d; mso-fareast-language: EN-US;\">G<\/span><\/p>\t\t\t\t\t\t\t\t<\/div>\n\t\t\t\t<\/div>\n\t\t\t\t\t<\/div>\n\t\t<\/div>\n\t\t\t\t<div class=\"elementor-column elementor-col-33 elementor-top-column elementor-element elementor-element-02bde2f\" data-id=\"02bde2f\" data-element_type=\"column\">\n\t\t\t<div class=\"elementor-widget-wrap elementor-element-populated\">\n\t\t\t\t\t\t<div class=\"elementor-element elementor-element-cf87974 elementor-widget elementor-widget-text-editor\" data-id=\"cf87974\" data-element_type=\"widget\" data-widget_type=\"text-editor.default\">\n\t\t\t\t<div class=\"elementor-widget-container\">\n\t\t\t\t\t\t\t\t\t<ul><li>Ruffec<\/li><li>Sireuil<\/li><li>SIVU EHPAD<\/li><li>Soyaux<\/li><li>Saint Saturnin<\/li><li>Torsac<\/li><li>Touvre<\/li><li>Voeil et Giget<\/li><li>Vouzan<\/li><\/ul><div>\u00a0<\/div><div>\u00a0<\/div>\t\t\t\t\t\t\t\t<\/div>\n\t\t\t\t<\/div>\n\t\t\t\t\t<\/div>\n\t\t<\/div>\n\t\t\t\t\t<\/div>\n\t\t<\/section>\n\t\t\t\t<section class=\"elementor-section elementor-top-section elementor-element elementor-element-4f2f0f0 elementor-section-boxed elementor-section-height-default elementor-section-height-default\" data-id=\"4f2f0f0\" data-element_type=\"section\">\n\t\t\t\t\t\t<div class=\"elementor-container elementor-column-gap-default\">\n\t\t\t\t\t<div class=\"elementor-column elementor-col-100 elementor-top-column elementor-element elementor-element-0e3e4db\" data-id=\"0e3e4db\" data-element_type=\"column\">\n\t\t\t<div class=\"elementor-widget-wrap elementor-element-populated\">\n\t\t\t\t\t\t<div class=\"elementor-element elementor-element-af5875e elementor-widget elementor-widget-spacer\" data-id=\"af5875e\" data-element_type=\"widget\" data-widget_type=\"spacer.default\">\n\t\t\t\t<div class=\"elementor-widget-container\">\n\t\t\t\t\t\t\t<div class=\"elementor-spacer\">\n\t\t\t<div class=\"elementor-spacer-inner\"><\/div>\n\t\t<\/div>\n\t\t\t\t\t\t<\/div>\n\t\t\t\t<\/div>\n\t\t\t\t\t<\/div>\n\t\t<\/div>\n\t\t\t\t\t<\/div>\n\t\t<\/section>\n\t\t\t\t<section class=\"elementor-section elementor-top-section elementor-element elementor-element-dcadb34 elementor-section-boxed elementor-section-height-default elementor-section-height-default\" data-id=\"dcadb34\" data-element_type=\"section\">\n\t\t\t\t\t\t<div class=\"elementor-container elementor-column-gap-default\">\n\t\t\t\t\t<div class=\"elementor-column elementor-col-16 elementor-top-column elementor-element elementor-element-eff022d\" data-id=\"eff022d\" data-element_type=\"column\">\n\t\t\t<div class=\"elementor-widget-wrap elementor-element-populated\">\n\t\t\t\t\t\t<div class=\"elementor-element elementor-element-5e2ac17 elementor-widget elementor-widget-spacer\" data-id=\"5e2ac17\" data-element_type=\"widget\" data-widget_type=\"spacer.default\">\n\t\t\t\t<div class=\"elementor-widget-container\">\n\t\t\t\t\t\t\t<div class=\"elementor-spacer\">\n\t\t\t<div class=\"elementor-spacer-inner\"><\/div>\n\t\t<\/div>\n\t\t\t\t\t\t<\/div>\n\t\t\t\t<\/div>\n\t\t\t\t\t<\/div>\n\t\t<\/div>\n\t\t\t\t<div class=\"elementor-column elementor-col-66 elementor-top-column elementor-element elementor-element-18ae3e5\" data-id=\"18ae3e5\" data-element_type=\"column\">\n\t\t\t<div class=\"elementor-widget-wrap elementor-element-populated\">\n\t\t\t\t\t\t<div class=\"elementor-element elementor-element-f44bd41 elementor-widget elementor-widget-html\" data-id=\"f44bd41\" data-element_type=\"widget\" data-widget_type=\"html.default\">\n\t\t\t\t<div class=\"elementor-widget-container\">\n\t\t\t\t\t<iframe src=\"https:\/\/www.google.com\/maps\/d\/embed?mid=15hrLsqlOT5o6nr0Wr0t3z9Yb1qZ4hLk&ehbc=2E312F\" width=\"640\" height=\"480\"><\/iframe>\t\t\t\t<\/div>\n\t\t\t\t<\/div>\n\t\t\t\t\t<\/div>\n\t\t<\/div>\n\t\t\t\t<div class=\"elementor-column elementor-col-16 elementor-top-column elementor-element elementor-element-11ea5bc\" data-id=\"11ea5bc\" data-element_type=\"column\">\n\t\t\t<div class=\"elementor-widget-wrap elementor-element-populated\">\n\t\t\t\t\t\t<div class=\"elementor-element elementor-element-31627f0 elementor-widget elementor-widget-spacer\" data-id=\"31627f0\" data-element_type=\"widget\" data-widget_type=\"spacer.default\">\n\t\t\t\t<div class=\"elementor-widget-container\">\n\t\t\t\t\t\t\t<div class=\"elementor-spacer\">\n\t\t\t<div class=\"elementor-spacer-inner\"><\/div>\n\t\t<\/div>\n\t\t\t\t\t\t<\/div>\n\t\t\t\t<\/div>\n\t\t\t\t\t<\/div>\n\t\t<\/div>\n\t\t\t\t\t<\/div>\n\t\t<\/section>\n\t\t\t\t<section class=\"elementor-section elementor-top-section elementor-element elementor-element-c2f31ec elementor-section-boxed elementor-section-height-default elementor-section-height-default\" data-id=\"c2f31ec\" data-element_type=\"section\">\n\t\t\t\t\t\t<div class=\"elementor-container elementor-column-gap-default\">\n\t\t\t\t\t<div class=\"elementor-column elementor-col-100 elementor-top-column elementor-element elementor-element-85187c8\" data-id=\"85187c8\" data-element_type=\"column\">\n\t\t\t<div class=\"elementor-widget-wrap elementor-element-populated\">\n\t\t\t\t\t\t<div class=\"elementor-element elementor-element-b80f6fa elementor-widget elementor-widget-heading\" data-id=\"b80f6fa\" data-element_type=\"widget\" data-widget_type=\"heading.default\">\n\t\t\t\t<div class=\"elementor-widget-container\">\n\t\t\t\t\t<h2 class=\"elementor-heading-title elementor-size-default\">Ajoutez votre titre ici<\/h2>\t\t\t\t<\/div>\n\t\t\t\t<\/div>\n\t\t\t\t\t<\/div>\n\t\t<\/div>\n\t\t\t\t\t<\/div>\n\t\t<\/section>\n\t\t\t\t<section class=\"elementor-section elementor-top-section elementor-element elementor-element-da4b942 elementor-section-boxed elementor-section-height-default elementor-section-height-default\" data-id=\"da4b942\" data-element_type=\"section\">\n\t\t\t\t\t\t<div class=\"elementor-container elementor-column-gap-default\">\n\t\t\t\t\t<div class=\"elementor-column elementor-col-100 elementor-top-column elementor-element elementor-element-2acf507\" data-id=\"2acf507\" data-element_type=\"column\">\n\t\t\t<div class=\"elementor-widget-wrap elementor-element-populated\">\n\t\t\t\t\t\t<section class=\"elementor-section elementor-inner-section elementor-element elementor-element-7cb83eb elementor-section-boxed elementor-section-height-default elementor-section-height-default\" data-id=\"7cb83eb\" data-element_type=\"section\">\n\t\t\t\t\t\t<div class=\"elementor-container elementor-column-gap-default\">\n\t\t\t\t\t<div class=\"elementor-column elementor-col-50 elementor-inner-column elementor-element elementor-element-170316b\" data-id=\"170316b\" data-element_type=\"column\">\n\t\t\t<div class=\"elementor-widget-wrap\">\n\t\t\t\t\t\t\t<\/div>\n\t\t<\/div>\n\t\t\t\t<div class=\"elementor-column elementor-col-50 elementor-inner-column elementor-element elementor-element-20ec625\" data-id=\"20ec625\" data-element_type=\"column\">\n\t\t\t<div class=\"elementor-widget-wrap\">\n\t\t\t\t\t\t\t<\/div>\n\t\t<\/div>\n\t\t\t\t\t<\/div>\n\t\t<\/section>\n\t\t\t\t\t<\/div>\n\t\t<\/div>\n\t\t\t\t\t<\/div>\n\t\t<\/section>\n\t\t\t\t<\/div>\n\t\t","protected":false},"excerpt":{"rendered":"<p>GAMA est une soci\u00e9t\u00e9 publique locale, op\u00e9rateur majeur sur les agglom\u00e9rations d\u2019Angoul\u00eame et de Cognac mais \u00e9galement sur toute la Charente. Elle intervient en qualit\u00e9 de ma\u00eetrise d\u2019ouvrage (ma\u00eetrise d\u2019ouvrage d\u00e9l\u00e9gu\u00e9e, AMO\u2026), en qualit\u00e9 de ma\u00eetrise d\u2019\u0153uvre ou de conducteur d\u2019op\u00e9rations pour le compte des communes actionnaires de la soci\u00e9t\u00e9 sur des projets relatifs \u00e0 [&hellip;]<\/p>\n","protected":false},"author":1,"featured_media":0,"parent":0,"menu_order":0,"comment_status":"closed","ping_status":"closed","template":"","meta":{"footnotes":""},"_links":{"self":[{"href":"http:\/\/gama16.fr\/index.php\/wp-json\/wp\/v2\/pages\/224"}],"collection":[{"href":"http:\/\/gama16.fr\/index.php\/wp-json\/wp\/v2\/pages"}],"about":[{"href":"http:\/\/gama16.fr\/index.php\/wp-json\/wp\/v2\/types\/page"}],"author":[{"embeddable":true,"href":"http:\/\/gama16.fr\/index.php\/wp-json\/wp\/v2\/users\/1"}],"replies":[{"embeddable":true,"href":"http:\/\/gama16.fr\/index.php\/wp-json\/wp\/v2\/comments?post=224"}],"version-history":[{"count":56,"href":"http:\/\/gama16.fr\/index.php\/wp-json\/wp\/v2\/pages\/224\/revisions"}],"predecessor-version":[{"id":845,"href":"http:\/\/gama16.fr\/index.php\/wp-json\/wp\/v2\/pages\/224\/revisions\/845"}],"wp:attachment":[{"href":"http:\/\/gama16.fr\/index.php\/wp-json\/wp\/v2\/media?parent=224"}],"curies":[{"name":"wp","href":"https:\/\/api.w.org\/{rel}","templated":true}]}}